{"id":2326,"date":"2024-03-05T16:03:21","date_gmt":"2024-03-05T15:03:21","guid":{"rendered":"https:\/\/www.ec-convert.com\/packaging-de-proteccion\/"},"modified":"2024-05-20T13:36:28","modified_gmt":"2024-05-20T11:36:28","slug":"packaging-de-proteccion","status":"publish","type":"page","link":"https:\/\/www.ec-convert.com\/en\/packaging-de-proteccion\/","title":{"rendered":"Protective packaging"},"content":{"rendered":"\t\t<div data-elementor-type=\"wp-page\" data-elementor-id=\"2326\" class=\"elementor elementor-2326 elementor-1005\" data-elementor-post-type=\"page\">\n\t\t\t\t<div data-particle_enable=\"false\" data-particle-mobile-disabled=\"false\" class=\"elementor-element elementor-element-b2363ed e-flex e-con-boxed e-con e-parent\" data-id=\"b2363ed\" data-element_type=\"container\" data-settings=\"{&quot;background_background&quot;:&quot;classic&quot;}\">\n\t\t\t\t\t<div class=\"e-con-inner\">\n\t\t<div data-particle_enable=\"false\" data-particle-mobile-disabled=\"false\" class=\"elementor-element elementor-element-43cb0fb e-flex e-con-boxed e-con e-child\" data-id=\"43cb0fb\" data-element_type=\"container\">\n\t\t\t\t\t<div class=\"e-con-inner\">\n\t\t<div data-particle_enable=\"false\" data-particle-mobile-disabled=\"false\" class=\"elementor-element elementor-element-64f69fc e-con-full e-flex e-con e-child\" data-id=\"64f69fc\" data-element_type=\"container\">\n\t\t\t\t<div class=\"elementor-element elementor-element-79bb2f0 elementor-invisible elementor-widget elementor-widget-heading\" data-id=\"79bb2f0\" data-element_type=\"widget\" data-settings=\"{&quot;_animation&quot;:&quot;fadeInUp&quot;}\" data-widget_type=\"heading.default\">\n\t\t\t\t<div class=\"elementor-widget-container\">\n\t\t\t<div class=\"elementor-heading-title elementor-size-default\">Machines<\/div>\t\t<\/div>\n\t\t\t\t<\/div>\n\t\t\t\t<div class=\"elementor-element elementor-element-6c4d5e1 elementor-widget elementor-widget-qi_addons_for_elementor_animated_text\" data-id=\"6c4d5e1\" data-element_type=\"widget\" data-widget_type=\"qi_addons_for_elementor_animated_text.default\">\n\t\t\t\t<div class=\"elementor-widget-container\">\n\t\t\t<div class=\"qodef-shortcode qodef-m  qodef-qi-animated-text qodef--animated-by-letter qodef--alignment-center qodef-qi--has-appear qodef--appear-from-top\" >\n\t\t<h1 class=\"qodef-m-title\">\n\t\t<span class=\"qodef-e-word-holder\">Protective<\/span> <span class=\"qodef-e-word-holder\">packaging<\/span>\t<\/h1>\n<\/div>\n\t\t<\/div>\n\t\t\t\t<\/div>\n\t\t<div data-particle_enable=\"false\" data-particle-mobile-disabled=\"false\" class=\"elementor-element elementor-element-1250bda e-flex e-con-boxed e-con e-child\" data-id=\"1250bda\" data-element_type=\"container\">\n\t\t\t\t\t<div class=\"e-con-inner\">\n\t\t<div data-particle_enable=\"false\" data-particle-mobile-disabled=\"false\" class=\"elementor-element elementor-element-9713022 e-flex e-con-boxed e-con e-child\" data-id=\"9713022\" data-element_type=\"container\">\n\t\t\t\t\t<div class=\"e-con-inner\">\n\t\t\t\t<div class=\"elementor-element elementor-element-53e3a9f elementor-widget elementor-widget-image\" data-id=\"53e3a9f\" data-element_type=\"widget\" data-widget_type=\"image.default\">\n\t\t\t\t<div class=\"elementor-widget-container\">\n\t\t\t\t\t\t\t\t\t\t\t\t\t<img fetchpriority=\"high\" decoding=\"async\" width=\"1441\" height=\"1011\" src=\"https:\/\/www.ec-convert.com\/wp-content\/uploads\/2024\/05\/solucions_roda-packaging_ANG.png\" class=\"attachment-full size-full wp-image-2241\" alt=\"\" srcset=\"https:\/\/www.ec-convert.com\/wp-content\/uploads\/2024\/05\/solucions_roda-packaging_ANG.png 1441w, https:\/\/www.ec-convert.com\/wp-content\/uploads\/2024\/05\/solucions_roda-packaging_ANG-300x210.png 300w, https:\/\/www.ec-convert.com\/wp-content\/uploads\/2024\/05\/solucions_roda-packaging_ANG-1024x718.png 1024w, https:\/\/www.ec-convert.com\/wp-content\/uploads\/2024\/05\/solucions_roda-packaging_ANG-768x539.png 768w\" sizes=\"(max-width: 1441px) 100vw, 1441px\" \/>\t\t\t\t\t\t\t\t\t\t\t\t\t<\/div>\n\t\t\t\t<\/div>\n\t\t\t\t\t<\/div>\n\t\t\t\t<\/div>\n\t\t<div data-particle_enable=\"false\" data-particle-mobile-disabled=\"false\" class=\"elementor-element elementor-element-fa64b8b e-flex e-con-boxed e-con e-child\" data-id=\"fa64b8b\" data-element_type=\"container\">\n\t\t\t\t\t<div class=\"e-con-inner\">\n\t\t\t\t<div class=\"elementor-element elementor-element-ae97c1b elementor-invisible elementor-widget elementor-widget-text-editor\" data-id=\"ae97c1b\" data-element_type=\"widget\" data-settings=\"{&quot;_animation&quot;:&quot;fadeInUp&quot;,&quot;_animation_delay&quot;:600}\" data-widget_type=\"text-editor.default\">\n\t\t\t\t<div class=\"elementor-widget-container\">\n\t\t\t\t\t\t\t<p class=\"p1\"><span class=\"s1\">Folding machines for bag forming processes through cutting, sheeting, welding and stacking.<\/span><\/p><p class=\"p2\"><span class=\"s1\">\u00a0<\/span><span class=\"s1\">We make protection bags for industrial elements that must be physically protected. <br \/><\/span><span class=\"s1\">The materials base are foam and bubble plastic that once folded, are cut and welded to formats according to the product to be protected. <br \/><\/span><span class=\"s1\">The bags are delivered in stacks with the number of desired formats, allowing you to create a flap for incorporation <\/span><span class=\"s1\">of adhesive tape allowing its subsequent closure.<\/span><\/p>\t\t\t\t\t\t<\/div>\n\t\t\t\t<\/div>\n\t\t\t\t\t<\/div>\n\t\t\t\t<\/div>\n\t\t\t\t\t<\/div>\n\t\t\t\t<\/div>\n\t\t\t\t<div class=\"elementor-element elementor-element-abd148f elementor-widget elementor-widget-spacer\" data-id=\"abd148f\" data-element_type=\"widget\" id=\"mantenimiento\" data-widget_type=\"spacer.default\">\n\t\t\t\t<div class=\"elementor-widget-container\">\n\t\t\t\t\t<div class=\"elementor-spacer\">\n\t\t\t<div class=\"elementor-spacer-inner\"><\/div>\n\t\t<\/div>\n\t\t\t\t<\/div>\n\t\t\t\t<\/div>\n\t\t\t\t<\/div>\n\t\t\t\t\t<\/div>\n\t\t\t\t<\/div>\n\t\t\t\t\t<\/div>\n\t\t\t\t<\/div>\n\t\t<div data-particle_enable=\"false\" data-particle-mobile-disabled=\"false\" class=\"elementor-element elementor-element-8488d83 e-flex e-con-boxed e-con e-parent\" data-id=\"8488d83\" data-element_type=\"container\" data-settings=\"{&quot;background_background&quot;:&quot;classic&quot;}\">\n\t\t\t\t\t<div class=\"e-con-inner\">\n\t\t<div data-particle_enable=\"false\" data-particle-mobile-disabled=\"false\" class=\"elementor-element elementor-element-093296c e-flex e-con-boxed e-con e-child\" data-id=\"093296c\" data-element_type=\"container\">\n\t\t\t\t\t<div class=\"e-con-inner\">\n\t\t\t\t<div class=\"elementor-element elementor-element-e798fc0 elementor-grid-3 elementor-grid-tablet-2 elementor-grid-mobile-1 elementor-widget elementor-widget-loop-grid\" data-id=\"e798fc0\" data-element_type=\"widget\" data-settings=\"{&quot;template_id&quot;:2423,&quot;_skin&quot;:&quot;post&quot;,&quot;columns&quot;:&quot;3&quot;,&quot;columns_tablet&quot;:&quot;2&quot;,&quot;columns_mobile&quot;:&quot;1&quot;,&quot;edit_handle_selector&quot;:&quot;[data-elementor-type=\\&quot;loop-item\\&quot;]&quot;,&quot;row_gap&quot;:{&quot;unit&quot;:&quot;px&quot;,&quot;size&quot;:&quot;&quot;,&quot;sizes&quot;:[]},&quot;row_gap_laptop&quot;:{&quot;unit&quot;:&quot;px&quot;,&quot;size&quot;:&quot;&quot;,&quot;sizes&quot;:[]},&quot;row_gap_tablet&quot;:{&quot;unit&quot;:&quot;px&quot;,&quot;size&quot;:&quot;&quot;,&quot;sizes&quot;:[]},&quot;row_gap_mobile&quot;:{&quot;unit&quot;:&quot;px&quot;,&quot;size&quot;:&quot;&quot;,&quot;sizes&quot;:[]}}\" data-widget_type=\"loop-grid.post\">\n\t\t\t\t<div class=\"elementor-widget-container\">\n\t\t\t\t\t<div class=\"e-loop-nothing-found-message\">\n\t\t<\/div>\n\t\t\t\t<\/div>\n\t\t\t\t<\/div>\n\t\t\t\t\t<\/div>\n\t\t\t\t<\/div>\n\t\t\t\t\t<\/div>\n\t\t\t\t<\/div>\n\t\t\t\t<\/div>\n\t\t","protected":false},"excerpt":{"rendered":"<p>Machines Protective packaging Folding machines for bag forming processes through cutting, sheeting, welding and stacking. \u00a0We make protection bags for industrial elements that must be physically protected. The materials base are foam and bubble plastic that once folded, are cut and welded to formats according to the product to be protected. The bags are delivered&hellip;&nbsp;<a href=\"https:\/\/www.ec-convert.com\/en\/packaging-de-proteccion\/\" class=\"\" rel=\"bookmark\">Read More &raquo;<span class=\"screen-reader-text\">Protective packaging<\/span><\/a><\/p>\n","protected":false},"author":1,"featured_media":0,"parent":0,"menu_order":0,"comment_status":"closed","ping_status":"closed","template":"elementor_header_footer","meta":{"_acf_changed":false,"neve_meta_sidebar":"","neve_meta_container":"","neve_meta_enable_content_width":"off","neve_meta_content_width":100,"neve_meta_title_alignment":"","neve_meta_author_avatar":"","neve_post_elements_order":"","neve_meta_disable_header":"","neve_meta_disable_footer":"","neve_meta_disable_title":"","footnotes":""},"acf":[],"yoast_head":"<!-- This site is optimized with the Yoast SEO plugin v22.7 - https:\/\/yoast.com\/wordpress\/plugins\/seo\/ -->\n<title>Protective packaging | EC-CONVERT<\/title>\n<meta name=\"description\" content=\"Ofrecemos packaging de protecci\u00f3n. Todas las m\u00e1quinas disponen de un eficiente y preciso sistema de apilado que no da\u00f1a el material.\" \/>\n<meta name=\"robots\" content=\"index, follow, max-snippet:-1, max-image-preview:large, max-video-preview:-1\" \/>\n<link rel=\"canonical\" href=\"https:\/\/www.ec-convert.com\/en\/packaging-de-proteccion\/\" \/>\n<meta property=\"og:locale\" content=\"en_US\" \/>\n<meta property=\"og:type\" content=\"article\" \/>\n<meta property=\"og:title\" content=\"Protective packaging | EC-CONVERT\" \/>\n<meta property=\"og:description\" content=\"Ofrecemos packaging de protecci\u00f3n. Todas las m\u00e1quinas disponen de un eficiente y preciso sistema de apilado que no da\u00f1a el material.\" \/>\n<meta property=\"og:url\" content=\"https:\/\/www.ec-convert.com\/en\/packaging-de-proteccion\/\" \/>\n<meta property=\"og:site_name\" content=\"EC-CONVERT\" \/>\n<meta property=\"article:modified_time\" content=\"2024-05-20T11:36:28+00:00\" \/>\n<meta property=\"og:image\" content=\"https:\/\/www.ec-convert.com\/wp-content\/uploads\/2024\/05\/solucions_roda-packaging_ANG.png\" \/>\n<meta name=\"twitter:card\" content=\"summary_large_image\" \/>\n<meta name=\"twitter:label1\" content=\"Est. reading time\" \/>\n\t<meta name=\"twitter:data1\" content=\"2 minutes\" \/>\n<script type=\"application\/ld+json\" class=\"yoast-schema-graph\">{\"@context\":\"https:\/\/schema.org\",\"@graph\":[{\"@type\":\"WebPage\",\"@id\":\"https:\/\/www.ec-convert.com\/en\/packaging-de-proteccion\/\",\"url\":\"https:\/\/www.ec-convert.com\/en\/packaging-de-proteccion\/\",\"name\":\"Protective packaging | EC-CONVERT\",\"isPartOf\":{\"@id\":\"https:\/\/www.ec-convert.com\/en\/#website\"},\"primaryImageOfPage\":{\"@id\":\"https:\/\/www.ec-convert.com\/en\/packaging-de-proteccion\/#primaryimage\"},\"image\":{\"@id\":\"https:\/\/www.ec-convert.com\/en\/packaging-de-proteccion\/#primaryimage\"},\"thumbnailUrl\":\"https:\/\/www.ec-convert.com\/wp-content\/uploads\/2024\/05\/solucions_roda-packaging_ANG.png\",\"datePublished\":\"2024-03-05T15:03:21+00:00\",\"dateModified\":\"2024-05-20T11:36:28+00:00\",\"description\":\"Ofrecemos packaging de protecci\u00f3n. Todas las m\u00e1quinas disponen de un eficiente y preciso sistema de apilado que no da\u00f1a el material.\",\"breadcrumb\":{\"@id\":\"https:\/\/www.ec-convert.com\/en\/packaging-de-proteccion\/#breadcrumb\"},\"inLanguage\":\"en-US\",\"potentialAction\":[{\"@type\":\"ReadAction\",\"target\":[\"https:\/\/www.ec-convert.com\/en\/packaging-de-proteccion\/\"]}]},{\"@type\":\"ImageObject\",\"inLanguage\":\"en-US\",\"@id\":\"https:\/\/www.ec-convert.com\/en\/packaging-de-proteccion\/#primaryimage\",\"url\":\"https:\/\/www.ec-convert.com\/wp-content\/uploads\/2024\/05\/solucions_roda-packaging_ANG.png\",\"contentUrl\":\"https:\/\/www.ec-convert.com\/wp-content\/uploads\/2024\/05\/solucions_roda-packaging_ANG.png\"},{\"@type\":\"BreadcrumbList\",\"@id\":\"https:\/\/www.ec-convert.com\/en\/packaging-de-proteccion\/#breadcrumb\",\"itemListElement\":[{\"@type\":\"ListItem\",\"position\":1,\"name\":\"Portada\",\"item\":\"https:\/\/www.ec-convert.com\/en\/\"},{\"@type\":\"ListItem\",\"position\":2,\"name\":\"Protective packaging\"}]},{\"@type\":\"WebSite\",\"@id\":\"https:\/\/www.ec-convert.com\/en\/#website\",\"url\":\"https:\/\/www.ec-convert.com\/en\/\",\"name\":\"EC-CONVERT\",\"description\":\"Flex Technology\",\"alternateName\":\"EC-CONVERT Flex Technology\",\"potentialAction\":[{\"@type\":\"SearchAction\",\"target\":{\"@type\":\"EntryPoint\",\"urlTemplate\":\"https:\/\/www.ec-convert.com\/en\/?s={search_term_string}\"},\"query-input\":\"required name=search_term_string\"}],\"inLanguage\":\"en-US\"}]}<\/script>\n<!-- \/ Yoast SEO plugin. -->","yoast_head_json":{"title":"Protective packaging | EC-CONVERT","description":"Ofrecemos packaging de protecci\u00f3n. Todas las m\u00e1quinas disponen de un eficiente y preciso sistema de apilado que no da\u00f1a el material.","robots":{"index":"index","follow":"follow","max-snippet":"max-snippet:-1","max-image-preview":"max-image-preview:large","max-video-preview":"max-video-preview:-1"},"canonical":"https:\/\/www.ec-convert.com\/en\/packaging-de-proteccion\/","og_locale":"en_US","og_type":"article","og_title":"Protective packaging | EC-CONVERT","og_description":"Ofrecemos packaging de protecci\u00f3n. Todas las m\u00e1quinas disponen de un eficiente y preciso sistema de apilado que no da\u00f1a el material.","og_url":"https:\/\/www.ec-convert.com\/en\/packaging-de-proteccion\/","og_site_name":"EC-CONVERT","article_modified_time":"2024-05-20T11:36:28+00:00","og_image":[{"url":"https:\/\/www.ec-convert.com\/wp-content\/uploads\/2024\/05\/solucions_roda-packaging_ANG.png"}],"twitter_card":"summary_large_image","twitter_misc":{"Est. reading time":"2 minutes"},"schema":{"@context":"https:\/\/schema.org","@graph":[{"@type":"WebPage","@id":"https:\/\/www.ec-convert.com\/en\/packaging-de-proteccion\/","url":"https:\/\/www.ec-convert.com\/en\/packaging-de-proteccion\/","name":"Protective packaging | EC-CONVERT","isPartOf":{"@id":"https:\/\/www.ec-convert.com\/en\/#website"},"primaryImageOfPage":{"@id":"https:\/\/www.ec-convert.com\/en\/packaging-de-proteccion\/#primaryimage"},"image":{"@id":"https:\/\/www.ec-convert.com\/en\/packaging-de-proteccion\/#primaryimage"},"thumbnailUrl":"https:\/\/www.ec-convert.com\/wp-content\/uploads\/2024\/05\/solucions_roda-packaging_ANG.png","datePublished":"2024-03-05T15:03:21+00:00","dateModified":"2024-05-20T11:36:28+00:00","description":"Ofrecemos packaging de protecci\u00f3n. Todas las m\u00e1quinas disponen de un eficiente y preciso sistema de apilado que no da\u00f1a el material.","breadcrumb":{"@id":"https:\/\/www.ec-convert.com\/en\/packaging-de-proteccion\/#breadcrumb"},"inLanguage":"en-US","potentialAction":[{"@type":"ReadAction","target":["https:\/\/www.ec-convert.com\/en\/packaging-de-proteccion\/"]}]},{"@type":"ImageObject","inLanguage":"en-US","@id":"https:\/\/www.ec-convert.com\/en\/packaging-de-proteccion\/#primaryimage","url":"https:\/\/www.ec-convert.com\/wp-content\/uploads\/2024\/05\/solucions_roda-packaging_ANG.png","contentUrl":"https:\/\/www.ec-convert.com\/wp-content\/uploads\/2024\/05\/solucions_roda-packaging_ANG.png"},{"@type":"BreadcrumbList","@id":"https:\/\/www.ec-convert.com\/en\/packaging-de-proteccion\/#breadcrumb","itemListElement":[{"@type":"ListItem","position":1,"name":"Portada","item":"https:\/\/www.ec-convert.com\/en\/"},{"@type":"ListItem","position":2,"name":"Protective packaging"}]},{"@type":"WebSite","@id":"https:\/\/www.ec-convert.com\/en\/#website","url":"https:\/\/www.ec-convert.com\/en\/","name":"EC-CONVERT","description":"Flex Technology","alternateName":"EC-CONVERT Flex Technology","potentialAction":[{"@type":"SearchAction","target":{"@type":"EntryPoint","urlTemplate":"https:\/\/www.ec-convert.com\/en\/?s={search_term_string}"},"query-input":"required name=search_term_string"}],"inLanguage":"en-US"}]}},"_links":{"self":[{"href":"https:\/\/www.ec-convert.com\/en\/wp-json\/wp\/v2\/pages\/2326"}],"collection":[{"href":"https:\/\/www.ec-convert.com\/en\/wp-json\/wp\/v2\/pages"}],"about":[{"href":"https:\/\/www.ec-convert.com\/en\/wp-json\/wp\/v2\/types\/page"}],"author":[{"embeddable":true,"href":"https:\/\/www.ec-convert.com\/en\/wp-json\/wp\/v2\/users\/1"}],"replies":[{"embeddable":true,"href":"https:\/\/www.ec-convert.com\/en\/wp-json\/wp\/v2\/comments?post=2326"}],"version-history":[{"count":4,"href":"https:\/\/www.ec-convert.com\/en\/wp-json\/wp\/v2\/pages\/2326\/revisions"}],"predecessor-version":[{"id":2330,"href":"https:\/\/www.ec-convert.com\/en\/wp-json\/wp\/v2\/pages\/2326\/revisions\/2330"}],"wp:attachment":[{"href":"https:\/\/www.ec-convert.com\/en\/wp-json\/wp\/v2\/media?parent=2326"}],"curies":[{"name":"wp","href":"https:\/\/api.w.org\/{rel}","templated":true}]}}